{"id":7849,"date":"2026-05-04T15:17:28","date_gmt":"2026-05-04T19:17:28","guid":{"rendered":"https:\/\/industriapizzeria.com\/?page_id=7849"},"modified":"2026-05-04T15:23:07","modified_gmt":"2026-05-04T19:23:07","slug":"menu-de-la-fete-des-meres","status":"publish","type":"page","link":"https:\/\/industriapizzeria.com\/fr\/menu\/menu-de-la-fete-des-meres\/","title":{"rendered":"menu de la f\u00eate des m\u00e8res"},"content":{"rendered":"<div class=\"gb-container gb-container-b2f21834\">\n<div class=\"gb-container gb-container-0efb2948\">\n<div class=\"gb-container gb-container-9535086c\">\n<div class=\"gb-container gb-container-3ffc47fe\">\n\n<div style=\"height:100px\" aria-hidden=\"true\" class=\"wp-block-spacer\"><\/div>\n\n\n<div class=\"gb-container gb-container-be318aee\">\n\n<h2 class=\"gb-headline gb-headline-89636ce2 gb-headline-text\">entr\u00e9es<\/h2>\n\n\n\n<hr class=\"wp-block-separator has-text-color has-accent-color has-alpha-channel-opacity has-accent-background-color has-background\"\/>\n\n\n<div class=\"gb-container gb-container-76c5e382 resto-menu-item\">\n\n<h4 class=\"gb-headline gb-headline-2001761c gb-headline-text\"><mark style=\"background-color:rgba(0, 0, 0, 0)\" class=\"has-inline-color has-dark-accent-color\">Burrata<\/mark> | 23<\/h4>\n\n\n\n<p>Poivrons rouges r\u00f4tis, fraises, c\u00e9leri, noix de pins,<br>r\u00e9duction de balsamique, pain grill\u00e9.<\/p>\n\n\n\n<h4 class=\"gb-headline gb-headline-a368e459 gb-headline-text\"><mark class=\"gb-highlight\"><mark style=\"background-color:rgba(0, 0, 0, 0)\" class=\"has-inline-color has-dark-accent-color\">Crostino di Ricotta<\/mark><\/mark> | 16<\/h4>\n\n\n\n<p>Pain au levain grill\u00e9, ricotta fouett\u00e9e au citron et fines herbes,<br>coppa tranch\u00e9e, miel \u00e9pic\u00e9, zeste de citron.<\/p>\n\n<\/div>\n<\/div>\n\n<div class=\"gb-container gb-container-eb88091e\">\n\n<h2 class=\"gb-headline gb-headline-12bf5bb1 gb-headline-text\">plat principal<\/h2>\n\n\n\n<hr class=\"wp-block-separator has-text-color has-accent-color has-alpha-channel-opacity has-accent-background-color has-background\"\/>\n\n\n<div class=\"gb-container gb-container-39f988ff resto-menu-item\">\n\n<h4 class=\"gb-headline gb-headline-321ced56 gb-headline-text\"><mark style=\"background-color:rgba(0, 0, 0, 0)\" class=\"has-inline-color has-dark-accent-color\">Cavatelli chou-fleur<\/mark> | 24<\/h4>\n\n\n\n<p>Pur\u00e9e de chou-fleur \u00e0 la truffe noire, fleurettes de<br>chou-fleur r\u00f4ties, parmesan, amandes grill\u00e9es.<\/p>\n\n\n\n<h4 class=\"gb-headline gb-headline-338a64b5 gb-headline-text\"><mark style=\"background-color:rgba(0, 0, 0, 0)\" class=\"has-inline-color has-dark-accent-color\">Pizza<\/mark> | 25<\/h4>\n\n\n\n<p>Mozzarella fra\u00eeche, base d\u2019huile \u00e0 l\u2019ail, oignons verts de printemps<br>r\u00f4tis, mortadelle, stracciatella de burrata, pesto de basilic, miel \u00e9pic\u00e9.<\/p>\n\n<\/div>\n<\/div>\n\n<div class=\"gb-container gb-container-2b7f0ba9\">\n\n<h2 class=\"gb-headline gb-headline-aa8074c8 gb-headline-text\">DESSERT<\/h2>\n\n\n\n<hr class=\"wp-block-separator has-text-color has-accent-color has-alpha-channel-opacity has-accent-background-color has-background\"\/>\n\n\n<div class=\"gb-container gb-container-5e59cdaa resto-menu-item\">\n\n<h4 class=\"gb-headline gb-headline-77649eb7 gb-headline-text\"><mark style=\"background-color:rgba(0, 0, 0, 0)\" class=\"has-inline-color has-dark-accent-color\">Fondant au chocolat<\/mark> | 12<\/h4>\n\n\n\n<p>Cr\u00e8me glac\u00e9e \u00e0 la vanille et coulis de fraises.<\/p>\n\n<\/div>\n<\/div>\n\n\n<div style=\"height:100px\" aria-hidden=\"true\" class=\"wp-block-spacer\"><\/div>\n\n<\/div>\n<\/div>\n<\/div>\n<\/div>","protected":false},"excerpt":{"rendered":"<p>entr\u00e9es Burrata | 23 Poivrons rouges r\u00f4tis, fraises, c\u00e9leri, noix de pins,r\u00e9duction de balsamique, pain grill\u00e9. Crostino di Ricotta | 16 Pain au levain grill\u00e9, ricotta fouett\u00e9e au citron et fines herbes,coppa tranch\u00e9e, miel \u00e9pic\u00e9, zeste de citron. plat principal Cavatelli chou-fleur | 24 Pur\u00e9e de chou-fleur \u00e0 la truffe noire, fleurettes dechou-fleur r\u00f4ties, parmesan, &#8230; <a title=\"menu de la f\u00eate des m\u00e8res\" class=\"read-more\" href=\"https:\/\/industriapizzeria.com\/fr\/menu\/menu-de-la-fete-des-meres\/\" aria-label=\"Read more about menu de la f\u00eate des m\u00e8res\">Read more<\/a><\/p>\n","protected":false},"author":64,"featured_media":7128,"parent":5127,"menu_order":0,"comment_status":"closed","ping_status":"closed","template":"","meta":{"om_disable_all_campaigns":false,"_uf_show_specific_survey":0,"_uf_disable_surveys":false,"footnotes":""},"class_list":["post-7849","page","type-page","status-publish","has-post-thumbnail"],"acf":[],"_links":{"self":[{"href":"https:\/\/industriapizzeria.com\/fr\/wp-json\/wp\/v2\/pages\/7849","targetHints":{"allow":["GET"]}}],"collection":[{"href":"https:\/\/industriapizzeria.com\/fr\/wp-json\/wp\/v2\/pages"}],"about":[{"href":"https:\/\/industriapizzeria.com\/fr\/wp-json\/wp\/v2\/types\/page"}],"author":[{"embeddable":true,"href":"https:\/\/industriapizzeria.com\/fr\/wp-json\/wp\/v2\/users\/64"}],"replies":[{"embeddable":true,"href":"https:\/\/industriapizzeria.com\/fr\/wp-json\/wp\/v2\/comments?post=7849"}],"version-history":[{"count":0,"href":"https:\/\/industriapizzeria.com\/fr\/wp-json\/wp\/v2\/pages\/7849\/revisions"}],"up":[{"embeddable":true,"href":"https:\/\/industriapizzeria.com\/fr\/wp-json\/wp\/v2\/pages\/5127"}],"wp:featuredmedia":[{"embeddable":true,"href":"https:\/\/industriapizzeria.com\/fr\/wp-json\/wp\/v2\/media\/7128"}],"wp:attachment":[{"href":"https:\/\/industriapizzeria.com\/fr\/wp-json\/wp\/v2\/media?parent=7849"}],"curies":[{"name":"wp","href":"https:\/\/api.w.org\/{rel}","templated":true}]}}