{"id":7791,"date":"2025-11-13T13:21:07","date_gmt":"2025-11-13T17:21:07","guid":{"rendered":"https:\/\/industriapizzeria.com\/demande-de-repas-de-groupe\/"},"modified":"2025-11-14T13:31:00","modified_gmt":"2025-11-14T17:31:00","slug":"demande-de-repas-de-groupe","status":"publish","type":"page","link":"https:\/\/industriapizzeria.com\/fr\/demande-de-repas-de-groupe\/","title":{"rendered":"Demande de repas de groupe"},"content":{"rendered":"<div class=\"gb-container gb-container-bdba4da6\">\n<div class=\"gb-container gb-container-7bac7d37\">\n<div class=\"gb-grid-wrapper gb-grid-wrapper-185ecf71\">\n<div class=\"gb-grid-column gb-grid-column-9b09470e\"><div class=\"gb-container gb-container-9b09470e\">\n\n<h2 class=\"gb-headline gb-headline-a7b60921 gb-headline-text\">Soumettez votre demande de repas de groupe<\/h2>\n\n\n\n<p>Pour faire une demande de r\u00e9servation pour un repas de groupe, veuillez remplir le formulaire ci-dessous.<br\/>Un(e) repr\u00e9sentant(e) vous contactera dans les deux jours ouvrables suivant votre soumission pour discuter des d\u00e9tails de votre \u00e9v\u00e9nement.<\/p>\n\n\n\n<h5 class=\"gb-headline gb-headline-b69a354a gb-headline-text\"><strong>Veuillez noter que la soumission d\u2019une demande ne garantit ni ne confirme votre r\u00e9servation avec nous.<\/strong><br><br><\/h5>\n\n\n\n<div class=\"wpcf7 no-js\" id=\"wpcf7-f7792-o1\" lang=\"fr-CA\" dir=\"ltr\" data-wpcf7-id=\"7792\">\n<div class=\"screen-reader-response\"><p role=\"status\" aria-live=\"polite\" aria-atomic=\"true\"><\/p> <ul><\/ul><\/div>\n<form action=\"\/fr\/wp-json\/wp\/v2\/pages\/7791#wpcf7-f7792-o1\" method=\"post\" class=\"wpcf7-form init\" aria-label=\"Contact form\" novalidate=\"novalidate\" data-status=\"init\">\n<fieldset class=\"hidden-fields-container\"><input type=\"hidden\" name=\"_wpcf7\" value=\"7792\" \/><input type=\"hidden\" name=\"_wpcf7_version\" value=\"6.1.5\" \/><input type=\"hidden\" name=\"_wpcf7_locale\" value=\"\" \/><input type=\"hidden\" name=\"_wpcf7_unit_tag\" value=\"wpcf7-f7792-o1\" \/><input type=\"hidden\" name=\"_wpcf7_container_post\" value=\"0\" \/><input type=\"hidden\" name=\"_wpcf7_posted_data_hash\" value=\"\" \/><input type=\"hidden\" name=\"_wpcf7cf_hidden_group_fields\" value=\"[]\" \/><input type=\"hidden\" name=\"_wpcf7cf_hidden_groups\" value=\"[]\" \/><input type=\"hidden\" name=\"_wpcf7cf_visible_groups\" value=\"[]\" \/><input type=\"hidden\" name=\"_wpcf7cf_repeaters\" value=\"[]\" \/><input type=\"hidden\" name=\"_wpcf7cf_steps\" value=\"{}\" \/><input type=\"hidden\" name=\"_wpcf7cf_options\" value=\"{&quot;form_id&quot;:7792,&quot;conditions&quot;:[],&quot;settings&quot;:{&quot;animation&quot;:&quot;yes&quot;,&quot;animation_intime&quot;:200,&quot;animation_outtime&quot;:200,&quot;conditions_ui&quot;:&quot;normal&quot;,&quot;notice_dismissed&quot;:false}}\" \/><input type=\"hidden\" name=\"_wpcf7_recaptcha_response\" value=\"\" \/>\n<\/fieldset>\n<div class=\"custom-form\">\n\t<div class=\"grid-50\">\n\t\t<p><label>Pr\u00e9nom<\/label><span class=\"wpcf7-form-control-wrap\" data-name=\"first-name\"><input size=\"40\" maxlength=\"400\" class=\"wpcf7-form-control wpcf7-text wpcf7-validates-as-required\" aria-required=\"true\" aria-invalid=\"false\" value=\"\" type=\"text\" name=\"first-name\" \/><\/span>\n\t\t<\/p>\n\t<\/div>\n\t<div class=\"grid-50\">\n\t\t<p><label>Nom<\/label><span class=\"wpcf7-form-control-wrap\" data-name=\"last-name\"><input size=\"40\" maxlength=\"400\" class=\"wpcf7-form-control wpcf7-text wpcf7-validates-as-required\" aria-required=\"true\" aria-invalid=\"false\" value=\"\" type=\"text\" name=\"last-name\" \/><\/span>\n\t\t<\/p>\n\t<\/div>\n\t<div class=\"grid-50\">\n\t\t<p><label>Courriel<\/label><span class=\"wpcf7-form-control-wrap\" data-name=\"email-address\"><input size=\"40\" maxlength=\"400\" class=\"wpcf7-form-control wpcf7-email wpcf7-validates-as-required wpcf7-text wpcf7-validates-as-email\" aria-required=\"true\" aria-invalid=\"false\" value=\"\" type=\"email\" name=\"email-address\" \/><\/span>\n\t\t<\/p>\n\t<\/div>\n\t<div class=\"grid-50\">\n\t\t<p><label>T\u00e9l\u00e9phone<\/label><span class=\"wpcf7-form-control-wrap\" data-name=\"phone\"><input size=\"40\" maxlength=\"400\" class=\"wpcf7-form-control wpcf7-tel wpcf7-validates-as-required wpcf7-text wpcf7-validates-as-tel\" aria-required=\"true\" aria-invalid=\"false\" value=\"\" type=\"tel\" name=\"phone\" \/><\/span>\n\t\t<\/p>\n\t<\/div>\n\t<div class=\"grid-100\">\n\t\t<h4>D\u00e9tails de l'\u00e9v\u00e8nement\n\t\t<\/h4>\n\t<\/div>\n\t<div class=\"grid-100\">\n\t\t<p><label>Restaurant<\/label><span class=\"wpcf7-form-control-wrap\" data-name=\"event-restaurant\"><select class=\"wpcf7-form-control wpcf7-select wpcf7-validates-as-required\" aria-required=\"true\" aria-invalid=\"false\" name=\"event-restaurant\"><option value=\"Anjou (Montr\u00e9al)\">Anjou (Montr\u00e9al)<\/option><option value=\"Blainville\">Blainville<\/option><option value=\"Brossard (Solar Uniquartier)\">Brossard (Solar Uniquartier)<\/option><option value=\"Burlington\">Burlington<\/option><option value=\"Laval (Carrefour Laval)\">Laval (Carrefour Laval)<\/option><option value=\"Mississauga\">Mississauga<\/option><option value=\"St-Catharines\">St-Catharines<\/option><option value=\"Stoney Creek\">Stoney Creek<\/option><\/select><\/span>\n\t\t<\/p>\n\t<\/div>\n\t<div class=\"grid-50\">\n\t\t<p><label>Date<\/label><span class=\"wpcf7-form-control-wrap\" data-name=\"event-date\"><input class=\"wpcf7-form-control wpcf7-date wpcf7-validates-as-required wpcf7-validates-as-date\" min=\"2026-05-01\" aria-required=\"true\" aria-invalid=\"false\" value=\"\" type=\"date\" name=\"event-date\" \/><\/span>\n\t\t<\/p>\n\t<\/div>\n\t<div class=\"grid-50\">\n\t\t<p><label>Heure pr\u00e9f\u00e9r\u00e9e<\/label><span class=\"wpcf7-form-control-wrap\" data-name=\"event-time\"><select class=\"wpcf7-form-control wpcf7-select wpcf7-validates-as-required\" aria-required=\"true\" aria-invalid=\"false\" name=\"event-time\"><option value=\"11h00\">11h00<\/option><option value=\"11h00\">11h00<\/option><option value=\"11h30\">11h30<\/option><option value=\"12h00\">12h00<\/option><option value=\"12h30\">12h30<\/option><option value=\"13h00\">13h00<\/option><option value=\"13h30\">13h30<\/option><option value=\"14h00\">14h00<\/option><option value=\"14h30\">14h30<\/option><option value=\"15h00\">15h00<\/option><option value=\"15h30\">15h30<\/option><option value=\"16h00\">16h00<\/option><option value=\"16h30\">16h30<\/option><option value=\"17h00\">17h00<\/option><option value=\"17h30\">17h30<\/option><option value=\"18h00\">18h00<\/option><option value=\"18h30\">18h30<\/option><option value=\"19h00\">19h00<\/option><option value=\"19h30\">19h30<\/option><option value=\"20h00\">20h00<\/option><option value=\"20h30\">20h30<\/option><option value=\"21h00\">21h00<\/option><\/select><\/span>\n\t\t<\/p>\n\t<\/div>\n\t<div class=\"grid-100\">\n\t\t<p><label>Nombre d'invit\u00e9s<\/label><span class=\"wpcf7-form-control-wrap\" data-name=\"event-guests\"><select class=\"wpcf7-form-control wpcf7-select wpcf7-validates-as-required\" aria-required=\"true\" aria-invalid=\"false\" name=\"event-guests\"><option value=\"10-15 invit\u00e9s\">10-15 invit\u00e9s<\/option><option value=\"16-20 invit\u00e9s\">16-20 invit\u00e9s<\/option><option value=\"21-25 invit\u00e9s\">21-25 invit\u00e9s<\/option><option value=\"26-30 invit\u00e9s\">26-30 invit\u00e9s<\/option><option value=\"30+ invit\u00e9s\">30+ invit\u00e9s<\/option><\/select><\/span>\n\t\t<\/p>\n\t<\/div>\n\t<div class=\"grid-100\">\n\t\t<p><label>Dites-nous plus sur votre \u00e9v\u00e9nement<\/label><span class=\"wpcf7-form-control-wrap\" data-name=\"message\"><textarea cols=\"40\" rows=\"10\" maxlength=\"2000\" class=\"wpcf7-form-control wpcf7-textarea\" aria-invalid=\"false\" name=\"message\"><\/textarea><\/span>\n\t\t<\/p>\n\t<\/div>\n\t<div class=\"grid-100\">\n\t\t<p><span class=\"wpcf7-form-control-wrap\" data-name=\"event-acceptance\"><span class=\"wpcf7-form-control wpcf7-acceptance\"><span class=\"wpcf7-list-item\"><label><input type=\"checkbox\" name=\"event-acceptance\" value=\"1\" aria-invalid=\"false\" \/><span class=\"wpcf7-list-item-label\">En cochant cette case, je reconnais que remplir ce formulaire n'est qu'une demande et ne garantit pas une r\u00e9servation pour mon groupe. <br> Un membre de l'\u00e9quipe Industria Pizzeria vous contactera pour discuter de votre demande de r\u00e9servation.<\/span><\/label><\/span><\/span><\/span>\n\t\t<\/p>\n\t<\/div>\n\t<div class=\"grid-100\">\n\t\t<p><input class=\"wpcf7-form-control wpcf7-submit has-spinner\" type=\"submit\" value=\"ENVOYER VOTRE REQU\u00caTE\" \/>\n\t\t<\/p>\n\t<\/div>\n<\/div><div class=\"wpcf7-response-output\" aria-hidden=\"true\"><\/div>\n<\/form>\n<\/div>\n\n\n<\/div><\/div>\n\n<div class=\"gb-grid-column gb-grid-column-a891bd35\"><div class=\"gb-container gb-container-a891bd35\">\n\n<figure class=\"gb-block-image gb-block-image-fdb13f47\"><img decoding=\"async\" width=\"798\" height=\"483\" class=\"gb-image gb-image-fdb13f47\" src=\"https:\/\/industriapizzeria.com\/wp-content\/uploads\/2024\/04\/bicycle-red.webp\" alt=\"\" title=\"bicycle-red\" srcset=\"https:\/\/industriapizzeria.com\/wp-content\/uploads\/2024\/04\/bicycle-red.webp 798w, https:\/\/industriapizzeria.com\/wp-content\/uploads\/2024\/04\/bicycle-red-300x182.webp 300w, https:\/\/industriapizzeria.com\/wp-content\/uploads\/2024\/04\/bicycle-red-768x465.webp 768w\" sizes=\"(max-width: 798px) 100vw, 798px\"><\/figure>\n\n<\/div><\/div>\n<\/div>\n<\/div>\n<\/div>","protected":false},"excerpt":{"rendered":"","protected":false},"author":4,"featured_media":7324,"parent":0,"menu_order":0,"comment_status":"closed","ping_status":"closed","template":"","meta":{"om_disable_all_campaigns":false,"_uf_show_specific_survey":0,"_uf_disable_surveys":false,"footnotes":""},"class_list":["post-7791","page","type-page","status-publish","has-post-thumbnail"],"acf":[],"_links":{"self":[{"href":"https:\/\/industriapizzeria.com\/fr\/wp-json\/wp\/v2\/pages\/7791","targetHints":{"allow":["GET"]}}],"collection":[{"href":"https:\/\/industriapizzeria.com\/fr\/wp-json\/wp\/v2\/pages"}],"about":[{"href":"https:\/\/industriapizzeria.com\/fr\/wp-json\/wp\/v2\/types\/page"}],"author":[{"embeddable":true,"href":"https:\/\/industriapizzeria.com\/fr\/wp-json\/wp\/v2\/users\/4"}],"replies":[{"embeddable":true,"href":"https:\/\/industriapizzeria.com\/fr\/wp-json\/wp\/v2\/comments?post=7791"}],"version-history":[{"count":0,"href":"https:\/\/industriapizzeria.com\/fr\/wp-json\/wp\/v2\/pages\/7791\/revisions"}],"wp:featuredmedia":[{"embeddable":true,"href":"https:\/\/industriapizzeria.com\/fr\/wp-json\/wp\/v2\/media\/7324"}],"wp:attachment":[{"href":"https:\/\/industriapizzeria.com\/fr\/wp-json\/wp\/v2\/media?parent=7791"}],"curies":[{"name":"wp","href":"https:\/\/api.w.org\/{rel}","templated":true}]}}