{"id":7264,"date":"2024-04-07T17:27:47","date_gmt":"2024-04-07T21:27:47","guid":{"rendered":"http:\/\/industriapizzeria.com\/?page_id=7264"},"modified":"2025-11-04T05:44:15","modified_gmt":"2025-11-04T09:44:15","slug":"a-propos","status":"publish","type":"page","link":"https:\/\/industriapizzeria.com\/fr\/a-propos\/","title":{"rendered":"\u00c0 Propos"},"content":{"rendered":"<div class=\"gb-container gb-container-a9cda4a4\"><\/div>\n\n<div class=\"gb-container gb-container-30134fe8\">\n<div class=\"gb-container gb-container-59d3b775\">\n<div class=\"gb-grid-wrapper gb-grid-wrapper-1e6e1230\">\n<div class=\"gb-grid-column gb-grid-column-839b808a\"><div class=\"gb-container gb-container-839b808a\">\n\n<h2 class=\"wp-block-heading has-accent-color has-text-color has-link-color wp-elements-91f98518a0db08ff260065c3f6c3304b\">INDUSTRIA PIZZERIA + BAR<\/h2>\n\n\n\n<p>NDUSTRIA Pizzeria + Bar, la destination ultime o\u00f9 les amis et la famille se r\u00e9unissent pour savourer la meilleure cuisine italienne.<\/p>\n\n\n\n<p>Depuis sa cr\u00e9ation, INDUSTRIA Pizzeria + Bar se consacre \u00e0 la cr\u00e9ation d\u2019exp\u00e9riences gastronomiques inoubliables qui allient harmonieusement tradition, cr\u00e9ativit\u00e9 et communaut\u00e9.<\/p>\n\n\n\n<p>Notre \u00e9quipe d\u2019experts culinaires cr\u00e9e des pizzas artisanales, des p\u00e2tes exceptionnelles et de nombreux autres d\u00e9licieux classiques italiens qui capturent l\u2019essence de l\u2019Italie tout en adoptant les saveurs locales, garantissant que chaque visite est une c\u00e9l\u00e9bration de l\u2019amiti\u00e9, de la famille et de la joie de la bonne cuisine.<\/p>\n\n\n\n<p>Entrez dans notre cuisine ouverte, o\u00f9 des chefs comp\u00e9tents orchestrent une symphonie de cr\u00e9ativit\u00e9 culinaire, en all\u00e9chant vos sens avec les ar\u00f4mes de nos d\u00e9licieuses pizzas et de nos sauces mijot\u00e9es.<\/p>\n\n\n\n<p>Alors que nous entamons le prochain chapitre, INDUSTRIA Pizzeria + Bar se r\u00e9jouit de poursuivre son h\u00e9ritage d\u2019excellence, de cr\u00e9er des moments inoubliables et d\u2019\u00eatre la premi\u00e8re destination pour les amis, la famille et les amateurs de cuisine.<\/p>\n\n<\/div><\/div>\n\n<div class=\"gb-grid-column gb-grid-column-54eb6323\"><div class=\"gb-container gb-container-54eb6323\">\n\n<figure class=\"gb-block-image gb-block-image-7c712295\"><img loading=\"lazy\" decoding=\"async\" width=\"1920\" height=\"1281\" class=\"gb-image gb-image-7c712295\" src=\"http:\/\/industriapizzeria.com\/wp-content\/uploads\/2024\/05\/banner-about-02.webp\" alt=\"\" title=\"banner-about-02\" srcset=\"https:\/\/industriapizzeria.com\/wp-content\/uploads\/2024\/05\/banner-about-02.webp 1920w, https:\/\/industriapizzeria.com\/wp-content\/uploads\/2024\/05\/banner-about-02-300x200.webp 300w, https:\/\/industriapizzeria.com\/wp-content\/uploads\/2024\/05\/banner-about-02-1024x683.webp 1024w, https:\/\/industriapizzeria.com\/wp-content\/uploads\/2024\/05\/banner-about-02-768x512.webp 768w, https:\/\/industriapizzeria.com\/wp-content\/uploads\/2024\/05\/banner-about-02-1536x1025.webp 1536w\" sizes=\"auto, (max-width: 1920px) 100vw, 1920px\"><\/figure>\n\n<\/div><\/div>\n<\/div>\n<\/div>\n<\/div>\n\n<div class=\"gb-container gb-container-19579ccf\">\n<div class=\"gb-container gb-container-f81c13f5\">\n\n<div class=\"custom-separator line-down\"><\/div>\n\n\n<div class=\"gb-grid-wrapper gb-grid-wrapper-812692c1\">\n<div class=\"gb-grid-column gb-grid-column-bf7a1dca\"><div class=\"gb-container gb-container-bf7a1dca\">\n\n<figure class=\"gb-block-image gb-block-image-39900ad3\"><img loading=\"lazy\" decoding=\"async\" width=\"1920\" height=\"1536\" class=\"gb-image gb-image-39900ad3\" src=\"http:\/\/industriapizzeria.com\/wp-content\/uploads\/2024\/04\/pasta-dish.webp\" alt=\"\" title=\"pasta-dish\" srcset=\"https:\/\/industriapizzeria.com\/wp-content\/uploads\/2024\/04\/pasta-dish.webp 1920w, https:\/\/industriapizzeria.com\/wp-content\/uploads\/2024\/04\/pasta-dish-300x240.webp 300w, https:\/\/industriapizzeria.com\/wp-content\/uploads\/2024\/04\/pasta-dish-1024x819.webp 1024w, https:\/\/industriapizzeria.com\/wp-content\/uploads\/2024\/04\/pasta-dish-768x614.webp 768w, https:\/\/industriapizzeria.com\/wp-content\/uploads\/2024\/04\/pasta-dish-1536x1229.webp 1536w\" sizes=\"auto, (max-width: 1920px) 100vw, 1920px\"><\/figure>\n\n<\/div><\/div>\n\n<div class=\"gb-grid-column gb-grid-column-b3f3315f\"><div class=\"gb-container gb-container-b3f3315f\">\n\n<h2 class=\"wp-block-heading has-accent-color has-text-color has-link-color wp-elements-bb101582dae0b9770d015aab5c60dbe6\">Notre MENU<\/h2>\n\n\n\n<p class=\"has-base-3-color has-text-color has-link-color wp-elements-4bbdc7fac483acad7ae200db7d486ad0\">Le menu est une c\u00e9l\u00e9bration de l\u2019Italie et des diverses r\u00e9gions culinaires, pr\u00e9sentant des plats authentiques \u00e9labor\u00e9s \u00e0 partir d\u2019ingr\u00e9dients de saison d\u2019origine locale. Notre menu bien pens\u00e9 pr\u00e9sente une gamme de plats italiens classiques et modernes, mettant en valeur les saveurs authentiques de la cuisine italienne. Des pizzas g\u00e9n\u00e9reusement garnies aux p\u00e2tes fra\u00eeches parfaitement cuites, chaque bouch\u00e9e est une v\u00e9ritable symphonie de saveurs. Notre \u00e9quipe de chefs passionn\u00e9s utilise des ingr\u00e9dients de premi\u00e8re qualit\u00e9 pour offrir une exp\u00e9rience gastronomique inoubliable.<\/p>\n\n\n\n<p class=\"has-base-3-color has-text-color has-link-color wp-elements-5fe3760c3e980447d216453ea4af93f4\">Avec son m\u00e9lange harmonieux de tradition et d\u2019innovation, INDUSTRIA Pizzeria + Bar n\u2019est pas seulement un restaurant ; c\u2019est une symphonie de saveurs et d\u2019\u00e9motions qui capture le c\u0153ur et l\u2019\u00e2me de l\u2019Italie. De la premi\u00e8re \u00e0 la derni\u00e8re bouch\u00e9e, chaque moment pass\u00e9 entre ses murs t\u00e9moigne du lien profond entre la nourriture, la culture et la joie de vivre pleinement.<\/p>\n\n<\/div><\/div>\n<\/div>\n<\/div>\n<\/div>\n\n<div class=\"gb-container gb-container-48553feb\">\n<div class=\"gb-container gb-container-222cc386\">\n<div class=\"gb-grid-wrapper gb-grid-wrapper-134f665e\">\n<div class=\"gb-grid-column gb-grid-column-46fc62e8\"><div class=\"gb-container gb-container-46fc62e8\">\n\n<h2 class=\"wp-block-heading has-accent-color has-text-color has-link-color wp-elements-bee9491ae24ece47b0e5f7655a662739\">L\u2019ITALIE \u00c0 VOTRE PORTE<\/h2>\n\n\n\n<p>Fid\u00e8les \u00e0 la tradition de l\u2019hospitalit\u00e9 italienne, nous nous engageons \u00e0 \u00e9tendre la port\u00e9e de nos d\u00e9lices culinaires directement au domicile de nos clients.<\/p>\n\n\n\n<p>Conscients de l\u2019importance primordiale de la commodit\u00e9 dans notre monde en constante \u00e9volution, nous tenons \u00e0 la ch\u00e8re tradition de manger dans l\u2019ambiance accueillante de notre restaurant, tout en adoptant des m\u00e9thodes de service modernes.<\/p>\n\n\n\n<p>Pour que nos clients puissent savourer notre authentique cuisine italienne o\u00f9 qu\u2019ils se trouvent, nous avons \u00e9tabli des partenariats avec des services de livraison tiers r\u00e9put\u00e9s tels qu\u2019Uber Eats.<\/p>\n\n\n\n<p>Cela permet non seulement d\u2019am\u00e9liorer l\u2019accessibilit\u00e9, mais aussi de diversifier nos voies de vente, en r\u00e9pondant \u00e0 un plus large \u00e9ventail de pr\u00e9f\u00e9rences.<\/p>\n\n\n\n<p>Que vous d\u00e9gustiez nos plats sur place ou que vous optiez pour la livraison, soyez assur\u00e9 que chaque cr\u00e9ation est pr\u00e9par\u00e9e avec un soin in\u00e9branlable et une attention particuli\u00e8re aux d\u00e9tails.<\/p>\n\n\n\n<p>De notre cuisine anim\u00e9e au c\u0153ur de la ville au confort de la maison de nos clients, notre objectif est d\u2019apporter l\u2019essence de l\u2019Italie directement \u00e0 nos clients, en faisant le lien entre la tradition et les exigences contemporaines.<\/p>\n\n<\/div><\/div>\n\n<div class=\"gb-grid-column gb-grid-column-60c0c617\"><div class=\"gb-container gb-container-60c0c617\">\n\n<figure class=\"gb-block-image gb-block-image-56f4955a\"><img loading=\"lazy\" decoding=\"async\" width=\"1920\" height=\"1536\" class=\"gb-image gb-image-56f4955a\" src=\"http:\/\/industriapizzeria.com\/wp-content\/uploads\/2024\/04\/pizzas-image.webp\" alt=\"\" title=\"pizzas-image\" srcset=\"https:\/\/industriapizzeria.com\/wp-content\/uploads\/2024\/04\/pizzas-image.webp 1920w, https:\/\/industriapizzeria.com\/wp-content\/uploads\/2024\/04\/pizzas-image-300x240.webp 300w, https:\/\/industriapizzeria.com\/wp-content\/uploads\/2024\/04\/pizzas-image-1024x819.webp 1024w, https:\/\/industriapizzeria.com\/wp-content\/uploads\/2024\/04\/pizzas-image-768x614.webp 768w, https:\/\/industriapizzeria.com\/wp-content\/uploads\/2024\/04\/pizzas-image-1536x1229.webp 1536w\" sizes=\"auto, (max-width: 1920px) 100vw, 1920px\"><\/figure>\n\n<\/div><\/div>\n<\/div>\n\n\n<div class=\"custom-separator line-up\"><\/div>\n\n<\/div>\n<\/div>","protected":false},"excerpt":{"rendered":"","protected":false},"author":4,"featured_media":0,"parent":0,"menu_order":0,"comment_status":"closed","ping_status":"closed","template":"","meta":{"om_disable_all_campaigns":false,"_uf_show_specific_survey":0,"_uf_disable_surveys":false,"footnotes":""},"class_list":["post-7264","page","type-page","status-publish"],"acf":[],"_links":{"self":[{"href":"https:\/\/industriapizzeria.com\/fr\/wp-json\/wp\/v2\/pages\/7264","targetHints":{"allow":["GET"]}}],"collection":[{"href":"https:\/\/industriapizzeria.com\/fr\/wp-json\/wp\/v2\/pages"}],"about":[{"href":"https:\/\/industriapizzeria.com\/fr\/wp-json\/wp\/v2\/types\/page"}],"author":[{"embeddable":true,"href":"https:\/\/industriapizzeria.com\/fr\/wp-json\/wp\/v2\/users\/4"}],"replies":[{"embeddable":true,"href":"https:\/\/industriapizzeria.com\/fr\/wp-json\/wp\/v2\/comments?post=7264"}],"version-history":[{"count":0,"href":"https:\/\/industriapizzeria.com\/fr\/wp-json\/wp\/v2\/pages\/7264\/revisions"}],"wp:attachment":[{"href":"https:\/\/industriapizzeria.com\/fr\/wp-json\/wp\/v2\/media?parent=7264"}],"curies":[{"name":"wp","href":"https:\/\/api.w.org\/{rel}","templated":true}]}}