{"id":7037,"date":"2024-03-13T15:42:03","date_gmt":"2024-03-13T19:42:03","guid":{"rendered":"http:\/\/industriapizzeria.com\/privacy-policy\/"},"modified":"2025-11-04T05:39:54","modified_gmt":"2025-11-04T09:39:54","slug":"privacy-policy","status":"publish","type":"page","link":"https:\/\/industriapizzeria.com\/fr\/privacy-policy\/","title":{"rendered":"Politique de confidentialit\u00e9"},"content":{"rendered":"\n<p>Date d&#8217;entr\u00e9e en vigueur: 2024-03-20<br>Mise \u00e0 jour le: 2024-05-09<\/p>\n\n\n\n<p>Cette Politique de confidentialit\u00e9 explicite les politiques de Industria Pizzeria relatives \u00e0 la collecte et l&#8217;utilisation des informations que nous recueillons lorsque vous acc\u00e9dez \u00e0 https:\/\/industriapizzeria.com\/ (le \u00abService\u00bb). Cette Politique de confidentialit\u00e9 d\u00e9crit vos droits en mati\u00e8re de confidentialit\u00e9 et la fa\u00e7on dont vous \u00eates prot\u00e9g\u00e9 par les lois sur la confidentialit\u00e9.<\/p>\n\n\n\n<p>En utilisant notre Service, vous consentez \u00e0 la collecte et \u00e0 l&#8217;utilisation de vos informations conform\u00e9ment \u00e0 la pr\u00e9sente Politique de confidentialit\u00e9. Veuillez ne pas acc\u00e9der \u00e0 notre Service ou l&#8217;utiliser si vous ne consentez pas \u00e0 la collecte et \u00e0 l&#8217;utilisation de vos informations comme indiqu\u00e9 dans la pr\u00e9sente Politique de confidentialit\u00e9.<\/p>\n\n\n\n<p>Industria Pizzeria est autoris\u00e9 \u00e0 modifier cette Politique de confidentialit\u00e9 \u00e0 tout moment, y compris sans avis pr\u00e9alable.<\/p>\n\n\n\n<p>Industria Pizzeria publiera la Politique de confidentialit\u00e9 r\u00e9vis\u00e9e sur le site Web https:\/\/industriapizzeria.com\/.<\/p>\n\n\n\n<h3 class=\"wp-block-heading\">Collecte et utilisation de vos informations personnelles<\/h3>\n\n\n\n<h4 class=\"wp-block-heading\">Informations que nous collectons<\/h4>\n\n\n\n<p>Lorsque vous utilisez notre Service, vous serez invit\u00e9 \u00e0 nous fournir des informations personnelles utilis\u00e9es pour vous contacter ou vous identifier. https:\/\/industriapizzeria.com\/ collecte les informations suivantes:<\/p>\n\n\n\n<ul class=\"wp-block-list\">\n<li>Donn\u00e9es d&#8217;utilisation<\/li>\n\n\n\n<li>Nom<\/li>\n\n\n\n<li>E-mail<\/li>\n\n\n\n<li>Num\u00e9ro de t\u00e9l\u00e9phone portable<\/li>\n\n\n\n<li>Adresse du domicile<\/li>\n<\/ul>\n\n\n\n<p>Les donn\u00e9es d&#8217;utilisation comprennent les \u00e9l\u00e9ments suivants:<\/p>\n\n\n\n<ul class=\"wp-block-list\">\n<li>L&#8217;adresse de protocole Internet (IP) des ordinateurs acc\u00e9dant au site<\/li>\n\n\n\n<li>Demandes de pages Web<\/li>\n\n\n\n<li>Pages Web de renvoi<\/li>\n\n\n\n<li>Navigateur utilis\u00e9 pour acc\u00e9der au site<\/li>\n\n\n\n<li>Date et heure d&#8217;acc\u00e8s<\/li>\n<\/ul>\n\n\n\n<h4 class=\"wp-block-heading\">Comment nous collectons les informations<\/h4>\n\n\n\n<p>https:\/\/industriapizzeria.com\/ collecte et re\u00e7oit des informations de votre part de la mani\u00e8re suivante:<\/p>\n\n\n\n<ul class=\"wp-block-list\">\n<li>Lorsque vous remplissez un formulaire d&#8217;inscription ou soumettez autrement vos informations personnelles.<\/li>\n<\/ul>\n\n\n\n<p>Vos informations seront stock\u00e9es jusqu&#8217;\u00e0 365 jour(s) apr\u00e8s que vous ayez r\u00e9sili\u00e9 votre compte. Vos informations peuvent \u00eatre conserv\u00e9es pendant des p\u00e9riodes plus longues pour l&#8217;\u00e9tablissement de rapports ou la tenue d&#8217;archives, conform\u00e9ment aux lois applicables. Les informations qui ne permettent pas de vous identifier personnellement peuvent \u00eatre conserv\u00e9es ind\u00e9finiment.<\/p>\n\n\n\n<h4 class=\"wp-block-heading\">Comment nous utilisons vos informations<\/h4>\n\n\n\n<p>https:\/\/industriapizzeria.com\/ peut utiliser vos informations aux fins suivantes:<\/p>\n\n\n\n<ul class=\"wp-block-list\">\n<li><strong>Fournir et maintenir notre Service,<\/strong>&nbsp;ainsi que surveiller l&#8217;utilisation de notre Service.<\/li>\n\n\n\n<li><strong>Autres fins.<\/strong>&nbsp;Industria Pizzeria utilisera vos informations pour l&#8217;analyse des donn\u00e9es afin d&#8217;identifier les tendances d&#8217;utilisation ou de d\u00e9terminer l&#8217;efficacit\u00e9 de nos campagnes de marketing lorsque cela est raisonnable. Nous utiliserons vos informations pour \u00e9valuer et am\u00e9liorer notre Service, nos produits, nos services et nos efforts de marketing.<\/li>\n\n\n\n<li><strong>Ex\u00e9cuter un contrat.<\/strong>&nbsp;Vos Donn\u00e9es personnelles aideront au d\u00e9veloppement, \u00e0 la r\u00e9alisation et au respect d&#8217;un contrat d&#8217;achat de produits ou de services que vous achetez par le biais de notre Service.<\/li>\n\n\n\n<li><strong>Vous tenir inform\u00e9<\/strong>&nbsp;avec des nouvelles, des informations g\u00e9n\u00e9rales, des offres sp\u00e9ciales, de nouveaux services et des \u00e9v\u00e9nements.<\/li>\n\n\n\n<li><strong>Initiatives de marketing et de promotion.<\/strong>&nbsp;Industria Pizzeria utilisera des informations non sp\u00e9cifiques recueillies aupr\u00e8s de vous afin d&#8217;am\u00e9liorer ses efforts de marketing.<\/li>\n\n\n\n<li><strong>Vous contacter.<\/strong>&nbsp;Industria Pizzeria vous contactera par e-mail, t\u00e9l\u00e9phone, SMS ou toute autre forme de communication \u00e9lectronique relative aux fonctions, produits, services ou mises \u00e0 jour de s\u00e9curit\u00e9 lorsque cela est n\u00e9cessaire ou raisonnable.<\/li>\n\n\n\n<li><strong>Publicit\u00e9 cibl\u00e9e.<\/strong>&nbsp;Vos Donn\u00e9es personnelles seront utilis\u00e9es pour am\u00e9liorer les efforts publicitaires pertinents \u00e0 vos int\u00e9r\u00eats sp\u00e9cifiques.<\/li>\n\n\n\n<li><strong>Collecte de t\u00e9moignages et de commentaires des clients.<\/strong>&nbsp;Si vous partagez un t\u00e9moignage ou un avis sur votre exp\u00e9rience d&#8217;utilisation de notre Service, il sera partag\u00e9 ou utilis\u00e9 d&#8217;une autre mani\u00e8re sur le site Web.<\/li>\n\n\n\n<li><strong>Gestion des commandes des clients.<\/strong>&nbsp;Votre adresse \u00e9lectronique, votre num\u00e9ro de t\u00e9l\u00e9phone, vos profils de m\u00e9dias sociaux et d&#8217;autres informations relatives \u00e0 votre compte d&#8217;utilisateur seront utilis\u00e9s afin de g\u00e9rer les commandes pass\u00e9es par le biais de notre Service.<\/li>\n<\/ul>\n\n\n\n<h4 class=\"wp-block-heading\">Comment nous partageons vos informations<\/h4>\n\n\n\n<p>Industria Pizzeria partagera vos informations, le cas \u00e9ch\u00e9ant, dans les situations suivantes:<\/p>\n\n\n\n<ul class=\"wp-block-list\">\n<li><strong>Avec votre consentement.<\/strong>&nbsp;Industria Pizzeria partagera vos informations \u00e0 toute fin avec votre consentement explicite.<\/li>\n<\/ul>\n\n\n\n<h4 class=\"wp-block-heading\">Partage avec des tiers<\/h4>\n\n\n\n<p>Toute tierce partie avec laquelle nous partageons vos informations doit divulguer la finalit\u00e9 pour laquelle elle a l&#8217;intention d&#8217;utiliser vos informations. Elle doit conserver vos informations uniquement pour la dur\u00e9e divulgu\u00e9e lors de la demande ou de la r\u00e9ception desdites informations. Le prestataire de services tiers ne doit pas collecter, vendre ou utiliser vos informations personnelles, sauf si cela est n\u00e9cessaire pour atteindre la finalit\u00e9 sp\u00e9cifi\u00e9e.<\/p>\n\n\n\n<p>Vos informations peuvent \u00eatre partag\u00e9es avec un tiers pour les raisons suivantes:<\/p>\n\n\n\n<ul class=\"wp-block-list\">\n<li><strong>Informations analytiques.<\/strong>&nbsp;Vos informations peuvent \u00eatre partag\u00e9es avec des outils d&#8217;analyse en ligne afin de suivre et d&#8217;analyser le trafic du site Web.<\/li>\n\n\n\n<li><strong>Am\u00e9liorer les campagnes publicitaires cibl\u00e9es.<\/strong>&nbsp;Industria Pizzeria s&#8217;associe \u00e0 des fournisseurs de services tiers pour am\u00e9liorer les campagnes de publicit\u00e9 cibl\u00e9es.<\/li>\n<\/ul>\n\n\n\n<p>Si vous choisissez de fournir de telles informations lors de l&#8217;inscription ou autrement, vous donnez \u00e0 Industria Pizzeria la permission d&#8217;utiliser, de partager et de stocker ces informations d&#8217;une mani\u00e8re conforme \u00e0 la pr\u00e9sente Politique de confidentialit\u00e9.<\/p>\n\n\n\n<p>Vos informations peuvent \u00eatre divulgu\u00e9es pour d&#8217;autres raisons, notamment:<\/p>\n\n\n\n<ul class=\"wp-block-list\">\n<li>Se conformer aux lois, r\u00e8glements ou ordonnances judiciaires applicables.<\/li>\n\n\n\n<li>R\u00e9pondre aux r\u00e9clamations selon lesquelles votre utilisation de notre Service viole les droits de tiers.<\/li>\n\n\n\n<li>Faire respecter les accords que vous avez conclus avec nous, y compris la pr\u00e9sente Politique de confidentialit\u00e9.<\/li>\n<\/ul>\n\n\n\n<h4 class=\"wp-block-heading\">Cookies<\/h4>\n\n\n\n<p>Les cookies sont de petits fichiers texte qui sont plac\u00e9s sur votre ordinateur par les sites Web que vous visitez. Les sites Web utilisent des cookies pour aider les utilisateurs \u00e0 naviguer efficacement et \u00e0 ex\u00e9cuter certaines fonctions. Les cookies qui sont n\u00e9cessaires au bon fonctionnement du site Web peuvent \u00eatre install\u00e9s sans votre autorisation. Tous les autres cookies doivent \u00eatre approuv\u00e9s avant de pouvoir \u00eatre install\u00e9s dans le navigateur.<\/p>\n\n\n\n<ul class=\"wp-block-list\">\n<li><strong>Cookies strictement n\u00e9cessaires.<\/strong>&nbsp;Les cookies strictement n\u00e9cessaires habilitent des fonctionnalit\u00e9s de base du site Web telles que la connexion des utilisateurs et la gestion des comptes. Le site Web ne peut pas \u00eatre utilis\u00e9 correctement sans les cookies strictement n\u00e9cessaires.<\/li>\n\n\n\n<li><strong>Cookies de performance.<\/strong>&nbsp;Les cookies de performance sont utilis\u00e9s pour voir comment les visiteurs utilisent le site Web, par exemple les cookies d&#8217;analyse. Ces cookies ne peuvent pas \u00eatre utilis\u00e9s pour identifier directement un visiteur sp\u00e9cifique.<\/li>\n\n\n\n<li><strong>Cookies de ciblage.<\/strong>&nbsp;Les cookies de ciblage sont utilis\u00e9s pour identifier les visiteurs sur diff\u00e9rents sites Web, par exemple les partenaires de contenu, les r\u00e9seaux de banni\u00e8res. Ces cookies peuvent \u00eatre utilis\u00e9s par les entreprises pour cr\u00e9er un profil des int\u00e9r\u00eats des visiteurs ou afficher des publicit\u00e9s pertinentes sur d&#8217;autres sites Web.<\/li>\n\n\n\n<li><strong>Cookies de fonctionnalit\u00e9.<\/strong>&nbsp;Les cookies de fonctionnalit\u00e9 sont utilis\u00e9s pour m\u00e9moriser les informations des visiteurs sur le site Web, comme. la langue, le fuseau horaire, le contenu am\u00e9lior\u00e9.<\/li>\n\n\n\n<li><strong>Cookies non classifi\u00e9s.<\/strong>&nbsp;Les cookies non classifi\u00e9s sont des cookies qui n&#8217;appartiennent \u00e0 aucune autre cat\u00e9gorie ou qui sont en cours de cat\u00e9gorisation.<\/li>\n<\/ul>\n\n\n\n<div class=\"cookie-report-container\">\n<p data-cookiereport=\"true\">Vous pouvez modifier votre consentement \u00e0 l&#8217;utilisation des cookies ci-dessous.<\/p>\n<script type=\"text\/javascript\" charset=\"UTF-8\" data-cookiescriptreport=\"report\" data-cs-lang=\"fr\" src=\"\/\/report.cookie-script.com\/r\/aa46989b0b1cfd8f46f2e5d60fe74d6d.js\">\n<\/script>\n<\/div>\n\n\n\n<h4 class=\"wp-block-heading\">S\u00e9curit\u00e9<\/h4>\n\n\n\n<p>La s\u00e9curit\u00e9 de vos informations nous tient \u00e0 c\u0153ur. https:\/\/industriapizzeria.com\/ utilise une s\u00e9rie de mesures de s\u00e9curit\u00e9 pour emp\u00eacher l&#8217;utilisation abusive, la perte ou l&#8217;alt\u00e9ration des informations que vous nous avez fournies. Toutefois, comme nous ne pouvons pas garantir la s\u00e9curit\u00e9 des informations que vous nous fournissez, vous devez acc\u00e9der \u00e0 notre service \u00e0 vos propres risques.<\/p>\n\n\n\n<p>Industria Pizzeria n&#8217;est pas responsable de la performance des sites Web exploit\u00e9s par des tiers ou de vos interactions avec eux. Lorsque vous quittez ce site Web, nous vous recommandons de passer en revue les pratiques de confidentialit\u00e9 des autres sites Web avec lesquels vous interagissez et de d\u00e9terminer si ces pratiques sont ad\u00e9quates.<\/p>\n\n\n\n<h4 class=\"wp-block-heading\">Nous contacter<\/h4>\n\n\n\n<p>Pour toute question, veuillez nous contacter par les biais suivants:<\/p>\n\n\n\n<p>Nom: Industria Pizzeria<\/p>\n\n\n\n<p>Adresse: 4628 Louis B. Mayer, Laval, Qu\u00e9bec, H7P6E4<\/p>\n\n\n\n<p>E-mail: info@industriapizzeria.com<\/p>\n\n\n\n<p>Site Web: https:\/\/industriapizzeria.com\/<\/p>\n\n\n\n<p>T\u00e9l\u00e9phone: (450) 688-3793<\/p>\n","protected":false},"excerpt":{"rendered":"<p>Date d&#8217;entr\u00e9e en vigueur: 2024-03-20Mise \u00e0 jour le: 2024-05-09 Cette Politique de confidentialit\u00e9 explicite les politiques de Industria Pizzeria relatives \u00e0 la collecte et l&#8217;utilisation des informations que nous recueillons lorsque vous acc\u00e9dez \u00e0 https:\/\/industriapizzeria.com\/ (le \u00abService\u00bb). Cette Politique de confidentialit\u00e9 d\u00e9crit vos droits en mati\u00e8re de confidentialit\u00e9 et la fa\u00e7on dont vous \u00eates prot\u00e9g\u00e9 &#8230; <a title=\"Politique de confidentialit\u00e9\" class=\"read-more\" href=\"https:\/\/industriapizzeria.com\/fr\/privacy-policy\/\" aria-label=\"Read more about Politique de confidentialit\u00e9\">Read more<\/a><\/p>\n","protected":false},"author":4,"featured_media":0,"parent":0,"menu_order":0,"comment_status":"closed","ping_status":"closed","template":"","meta":{"om_disable_all_campaigns":false,"_uf_show_specific_survey":0,"_uf_disable_surveys":false,"footnotes":""},"class_list":["post-7037","page","type-page","status-publish"],"acf":[],"_links":{"self":[{"href":"https:\/\/industriapizzeria.com\/fr\/wp-json\/wp\/v2\/pages\/7037","targetHints":{"allow":["GET"]}}],"collection":[{"href":"https:\/\/industriapizzeria.com\/fr\/wp-json\/wp\/v2\/pages"}],"about":[{"href":"https:\/\/industriapizzeria.com\/fr\/wp-json\/wp\/v2\/types\/page"}],"author":[{"embeddable":true,"href":"https:\/\/industriapizzeria.com\/fr\/wp-json\/wp\/v2\/users\/4"}],"replies":[{"embeddable":true,"href":"https:\/\/industriapizzeria.com\/fr\/wp-json\/wp\/v2\/comments?post=7037"}],"version-history":[{"count":0,"href":"https:\/\/industriapizzeria.com\/fr\/wp-json\/wp\/v2\/pages\/7037\/revisions"}],"wp:attachment":[{"href":"https:\/\/industriapizzeria.com\/fr\/wp-json\/wp\/v2\/media?parent=7037"}],"curies":[{"name":"wp","href":"https:\/\/api.w.org\/{rel}","templated":true}]}}