{"id":5736,"date":"2022-09-27T13:00:48","date_gmt":"2022-09-27T17:00:48","guid":{"rendered":"http:\/\/industriapizzeria.com\/evenements-et-promotions\/"},"modified":"2025-11-04T05:36:42","modified_gmt":"2025-11-04T09:36:42","slug":"evenements-et-promotions-qc","status":"publish","type":"page","link":"https:\/\/industriapizzeria.com\/fr\/evenements-et-promotions-qc\/","title":{"rendered":"\u00c9v\u00e8nements et promotions au Qu\u00e9bec"},"content":{"rendered":"<div class=\"gb-container gb-container-0efb2948\">\n<div class=\"gb-container gb-container-9535086c\">\n<div class=\"promotion-grid\"><div class=\"promotion-item\"><a target=\"_blank\" href=\"https:\/\/industriapizzeria.com\/wp-content\/uploads\/2024\/05\/01_FR_Lundi-Vendredi-4-a-7-792x1024.jpg\" data-lity><img decoding=\"async\" src=\"https:\/\/industriapizzeria.com\/wp-content\/uploads\/2024\/05\/01_FR_Lundi-Vendredi-4-a-7-792x1024.jpg\" alt=\"4 \u00e0 7 &#8211; Lundi au vendredi\" title=\"\"><\/a><br><br><h5>4 \u00e0 7 - Lundi au vendredi<\/h5><a class=\"restaurant-button\" href=\"#reserve\" data-lity>RESERVE A TABLE<\/a><br><br><p><em>Lundi au vendredi<\/em><\/p><\/div><div class=\"promotion-item\"><a target=\"_blank\" href=\"https:\/\/industriapizzeria.com\/wp-content\/uploads\/2024\/05\/03_FR_Mercredi-Rabais-Vins-792x1024.jpg\" data-lity><img decoding=\"async\" src=\"https:\/\/industriapizzeria.com\/wp-content\/uploads\/2024\/05\/03_FR_Mercredi-Rabais-Vins-792x1024.jpg\" alt=\"Mercredi Vino\" title=\"\"><\/a><br><br><h5>Mercredi Vino<\/h5><a class=\"restaurant-button\" href=\"#reserve\" data-lity>RESERVE A TABLE<\/a><br><br><p><em>Mercredi<\/em><\/p><\/div><\/div>\n\n<\/div>\n<\/div>","protected":false},"excerpt":{"rendered":"","protected":false},"author":4,"featured_media":7324,"parent":0,"menu_order":0,"comment_status":"closed","ping_status":"closed","template":"","meta":{"om_disable_all_campaigns":false,"_uf_show_specific_survey":0,"_uf_disable_surveys":false,"footnotes":""},"class_list":["post-5736","page","type-page","status-publish","has-post-thumbnail","hentry"],"acf":[],"_links":{"self":[{"href":"https:\/\/industriapizzeria.com\/fr\/wp-json\/wp\/v2\/pages\/5736","targetHints":{"allow":["GET"]}}],"collection":[{"href":"https:\/\/industriapizzeria.com\/fr\/wp-json\/wp\/v2\/pages"}],"about":[{"href":"https:\/\/industriapizzeria.com\/fr\/wp-json\/wp\/v2\/types\/page"}],"author":[{"embeddable":true,"href":"https:\/\/industriapizzeria.com\/fr\/wp-json\/wp\/v2\/users\/4"}],"replies":[{"embeddable":true,"href":"https:\/\/industriapizzeria.com\/fr\/wp-json\/wp\/v2\/comments?post=5736"}],"version-history":[{"count":0,"href":"https:\/\/industriapizzeria.com\/fr\/wp-json\/wp\/v2\/pages\/5736\/revisions"}],"wp:featuredmedia":[{"embeddable":true,"href":"https:\/\/industriapizzeria.com\/fr\/wp-json\/wp\/v2\/media\/7324"}],"wp:attachment":[{"href":"https:\/\/industriapizzeria.com\/fr\/wp-json\/wp\/v2\/media?parent=5736"}],"curies":[{"name":"wp","href":"https:\/\/api.w.org\/{rel}","templated":true}]}}