{"id":5101,"date":"2022-04-20T11:17:09","date_gmt":"2022-04-20T15:17:09","guid":{"rendered":"http:\/\/industriapizzeria.com\/contact\/"},"modified":"2025-09-22T12:53:37","modified_gmt":"2025-09-22T16:53:37","slug":"contact","status":"publish","type":"page","link":"https:\/\/industriapizzeria.com\/fr\/contact\/","title":{"rendered":"Contacter nos restaurants"},"content":{"rendered":"<div class=\"gb-container gb-container-0efb2948\">\n<div class=\"gb-container gb-container-9535086c\">\n\n<h2 class=\"wp-block-heading has-accent-color has-text-color has-link-color wp-elements-75951ee865df5518134307043e42a96e\"><strong>Si\u00e8ge social<\/strong><\/h2>\n\n\n\n<p class=\"has-medium-font-size\">4628 LOUIS B. MAYER, LAVAL, QU\u00c9B\u00c9C H7P 6E4<\/p>\n\n\n\n<hr class=\"wp-block-separator has-alpha-channel-opacity\"\/>\n\n\n\n<h5 class=\"gb-headline gb-headline-f1643057 gb-headline-text\">\u00c9crivez-nous<\/h5>\n\n\n\n<h2 class=\"wp-block-heading has-accent-color has-text-color has-link-color wp-elements-f8f13c98f3edbbc4b131fe0aa358dfd3\">Pour un commentaire, une question ou une demande d\u2019emploi<\/h2>\n\n\n\n<p>N\u2019h\u00e9sitez pas \u00e0 nous contacter en remplissant le formulaire ci-dessous, que vous ayez des questions d\u2019ordre g\u00e9n\u00e9ral, des commentaires sur notre cuisine et notre service, des demandes de r\u00e9servation pour les entreprises, des opportunit\u00e9s de franchise ou que vous souhaitiez postuler pour un emploi dans l\u2019un de nos restaurants.<\/p>\n\n\n\n<div class=\"wpcf7 no-js\" id=\"wpcf7-f5108-o1\" lang=\"fr-CA\" dir=\"ltr\" data-wpcf7-id=\"5108\">\n<div class=\"screen-reader-response\"><p role=\"status\" aria-live=\"polite\" aria-atomic=\"true\"><\/p> <ul><\/ul><\/div>\n<form action=\"\/fr\/wp-json\/wp\/v2\/pages\/5101#wpcf7-f5108-o1\" method=\"post\" class=\"wpcf7-form init\" aria-label=\"Contact form\" enctype=\"multipart\/form-data\" novalidate=\"novalidate\" data-status=\"init\">\n<fieldset class=\"hidden-fields-container\"><input type=\"hidden\" name=\"_wpcf7\" value=\"5108\" \/><input type=\"hidden\" name=\"_wpcf7_version\" value=\"6.1.5\" \/><input type=\"hidden\" name=\"_wpcf7_locale\" value=\"\" \/><input type=\"hidden\" name=\"_wpcf7_unit_tag\" value=\"wpcf7-f5108-o1\" \/><input type=\"hidden\" name=\"_wpcf7_container_post\" value=\"0\" \/><input type=\"hidden\" name=\"_wpcf7_posted_data_hash\" value=\"\" \/><input type=\"hidden\" name=\"_wpcf7cf_hidden_group_fields\" value=\"[]\" \/><input type=\"hidden\" name=\"_wpcf7cf_hidden_groups\" value=\"[]\" \/><input type=\"hidden\" name=\"_wpcf7cf_visible_groups\" value=\"[]\" \/><input type=\"hidden\" name=\"_wpcf7cf_repeaters\" value=\"[]\" \/><input type=\"hidden\" name=\"_wpcf7cf_steps\" value=\"{}\" \/><input type=\"hidden\" name=\"_wpcf7cf_options\" value=\"{&quot;form_id&quot;:5108,&quot;conditions&quot;:[{&quot;then_field&quot;:&quot;-1&quot;,&quot;and_rules&quot;:[{&quot;if_field&quot;:&quot;subject&quot;,&quot;operator&quot;:&quot;equals&quot;,&quot;if_value&quot;:&quot;G\\u00e9n\\u00e9ral&quot;}]},{&quot;then_field&quot;:&quot;group-comments&quot;,&quot;and_rules&quot;:[{&quot;if_field&quot;:&quot;subject&quot;,&quot;operator&quot;:&quot;equals&quot;,&quot;if_value&quot;:&quot;Commentaires&quot;}]},{&quot;then_field&quot;:&quot;group-career&quot;,&quot;and_rules&quot;:[{&quot;if_field&quot;:&quot;subject&quot;,&quot;operator&quot;:&quot;equals&quot;,&quot;if_value&quot;:&quot;Carri\\u00e8re&quot;}]},{&quot;then_field&quot;:&quot;-1&quot;,&quot;and_rules&quot;:[{&quot;if_field&quot;:&quot;subject&quot;,&quot;operator&quot;:&quot;equals&quot;,&quot;if_value&quot;:&quot;Franchise&quot;}]}],&quot;settings&quot;:{&quot;animation&quot;:&quot;yes&quot;,&quot;animation_intime&quot;:200,&quot;animation_outtime&quot;:200,&quot;conditions_ui&quot;:&quot;normal&quot;,&quot;notice_dismissed&quot;:false}}\" \/><input type=\"hidden\" name=\"_wpcf7_recaptcha_response\" value=\"\" \/>\n<\/fieldset>\n<p><label> Nom<br \/>\n<span class=\"wpcf7-form-control-wrap\" data-name=\"last-name\"><input size=\"40\" maxlength=\"400\" class=\"wpcf7-form-control wpcf7-text wpcf7-validates-as-required\" aria-required=\"true\" aria-invalid=\"false\" value=\"\" type=\"text\" name=\"last-name\" \/><\/span><\/label>\n<\/p>\n<p><label> Pr\u00e9nom<br \/>\n<span class=\"wpcf7-form-control-wrap\" data-name=\"first-name\"><input size=\"40\" maxlength=\"400\" class=\"wpcf7-form-control wpcf7-text wpcf7-validates-as-required\" aria-required=\"true\" aria-invalid=\"false\" value=\"\" type=\"text\" name=\"first-name\" \/><\/span><\/label>\n<\/p>\n<p><label> Courriel<br \/>\n<span class=\"wpcf7-form-control-wrap\" data-name=\"email-address\"><input size=\"40\" maxlength=\"400\" class=\"wpcf7-form-control wpcf7-email wpcf7-validates-as-required wpcf7-text wpcf7-validates-as-email\" aria-required=\"true\" aria-invalid=\"false\" value=\"\" type=\"email\" name=\"email-address\" \/><\/span> <\/label>\n<\/p>\n<p><label> T\u00e9l\u00e9phone<br \/>\n<span class=\"wpcf7-form-control-wrap\" data-name=\"phone\"><input size=\"40\" maxlength=\"400\" class=\"wpcf7-form-control wpcf7-tel wpcf7-text wpcf7-validates-as-tel\" aria-invalid=\"false\" value=\"\" type=\"tel\" name=\"phone\" \/><\/span> <\/label>\n<\/p>\n<p><label> Restaurant <\/label><br \/>\n<span class=\"wpcf7-form-control-wrap\" data-name=\"restaurant\"><select class=\"wpcf7-form-control wpcf7-select wpcf7-validates-as-required\" aria-required=\"true\" aria-invalid=\"false\" name=\"restaurant\"><option value=\"G\u00e9n\u00e9ral\">G\u00e9n\u00e9ral<\/option><option value=\"Brossard (Solar Uniquartier)\">Brossard (Solar Uniquartier)<\/option><option value=\"Anjou (Montr\u00e9al)\">Anjou (Montr\u00e9al)<\/option><option value=\"Blainville\">Blainville<\/option><option value=\"Burlington\">Burlington<\/option><option value=\"Laval (Carrefour Laval)\">Laval (Carrefour Laval)<\/option><option value=\"Stoney Creek\">Stoney Creek<\/option><option value=\"Mississauga\">Mississauga<\/option><option value=\"St-Catharines\">St-Catharines<\/option><\/select><\/span>\n<\/p>\n<p><label> Sujet <\/label><br \/>\n<span class=\"wpcf7-form-control-wrap\" data-name=\"subject\"><select class=\"wpcf7-form-control wpcf7-select wpcf7-validates-as-required\" aria-required=\"true\" aria-invalid=\"false\" name=\"subject\"><option value=\"G\u00e9n\u00e9ral\">G\u00e9n\u00e9ral<\/option><option value=\"Commentaires\">Commentaires<\/option><option value=\"Carri\u00e8re\">Carri\u00e8re<\/option><option value=\"Franchise\">Franchise<\/option><\/select><\/span>\n<\/p>\n<p><label> Message<br \/>\n<span class=\"wpcf7-form-control-wrap\" data-name=\"message\"><textarea cols=\"40\" rows=\"10\" maxlength=\"2000\" class=\"wpcf7-form-control wpcf7-textarea\" aria-invalid=\"false\" name=\"message\"><\/textarea><\/span> <\/label>\n<\/p>\n<div data-id=\"group-career\" data-orig_data_id=\"group-career\"  class=\"\" data-class=\"wpcf7cf_group\">\n\t<p><label> C.V.<br \/>\n<span class=\"wpcf7-form-control-wrap\" data-name=\"cv\"><input size=\"40\" class=\"wpcf7-form-control wpcf7-file wpcf7-validates-as-required\" accept=\"audio\/*,video\/*,image\/*\" aria-required=\"true\" aria-invalid=\"false\" type=\"file\" name=\"cv\" \/><\/span> <\/label>\n\t<\/p>\n\t<p><label> Message<br \/>\n<span class=\"wpcf7-form-control-wrap\" data-name=\"message-cv\"><textarea cols=\"40\" rows=\"10\" maxlength=\"2000\" class=\"wpcf7-form-control wpcf7-textarea\" aria-invalid=\"false\" name=\"message-cv\"><\/textarea><\/span> <\/label>\n\t<\/p>\n<\/div>\n<div data-id=\"group-comments\" data-orig_data_id=\"group-comments\"  class=\"\" data-class=\"wpcf7cf_group\">\n\t<p><label> Date de la visite<br \/>\n<span class=\"wpcf7-form-control-wrap\" data-name=\"date\"><input class=\"wpcf7-form-control wpcf7-date wpcf7-validates-as-required wpcf7-validates-as-date\" aria-required=\"true\" aria-invalid=\"false\" value=\"\" type=\"date\" name=\"date\" \/><\/span> <\/label>\n\t<\/p>\n\t<p><label> Heure de la visite<br \/>\n<span class=\"wpcf7-form-control-wrap\" data-name=\"time\"><input size=\"40\" maxlength=\"400\" class=\"wpcf7-form-control wpcf7-text wpcf7-validates-as-required\" aria-required=\"true\" aria-invalid=\"false\" value=\"\" type=\"text\" name=\"time\" \/><\/span> <\/label>\n\t<\/p>\n\t<p><label> Nombre d'invit\u00e9s<br \/>\n<span class=\"wpcf7-form-control-wrap\" data-name=\"guests\"><input class=\"wpcf7-form-control wpcf7-number wpcf7-validates-as-required wpcf7-validates-as-number\" min=\"1\" max=\"250\" aria-required=\"true\" aria-invalid=\"false\" value=\"\" type=\"number\" name=\"guests\" \/><\/span> <\/label>\n\t<\/p>\n\t<p><label> Nom du serveur\/serveuse<br \/>\n<span class=\"wpcf7-form-control-wrap\" data-name=\"waiter-name\"><input size=\"40\" maxlength=\"400\" class=\"wpcf7-form-control wpcf7-text\" aria-invalid=\"false\" value=\"\" type=\"text\" name=\"waiter-name\" \/><\/span> <\/label>\n\t<\/p>\n\t<p><label> No. de facture<br \/>\n<span class=\"wpcf7-form-control-wrap\" data-name=\"invoice-number\"><input size=\"40\" maxlength=\"400\" class=\"wpcf7-form-control wpcf7-text wpcf7-validates-as-required\" aria-required=\"true\" aria-invalid=\"false\" value=\"\" type=\"text\" name=\"invoice-number\" \/><\/span> <\/label>\n\t<\/p>\n\t<p><label> Accueil <\/label><br \/>\n<span class=\"wpcf7-form-control-wrap\" data-name=\"accueil\"><span class=\"wpcf7-form-control wpcf7-radio\"><span class=\"wpcf7-list-item first\"><label><input type=\"radio\" name=\"accueil\" value=\"1\" \/><span class=\"wpcf7-list-item-label\">1<\/span><\/label><\/span><span class=\"wpcf7-list-item\"><label><input type=\"radio\" name=\"accueil\" value=\"2\" \/><span class=\"wpcf7-list-item-label\">2<\/span><\/label><\/span><span class=\"wpcf7-list-item\"><label><input type=\"radio\" name=\"accueil\" value=\"3\" checked=\"checked\" \/><span class=\"wpcf7-list-item-label\">3<\/span><\/label><\/span><span class=\"wpcf7-list-item\"><label><input type=\"radio\" name=\"accueil\" value=\"4\" \/><span class=\"wpcf7-list-item-label\">4<\/span><\/label><\/span><span class=\"wpcf7-list-item last\"><label><input type=\"radio\" name=\"accueil\" value=\"5\" \/><span class=\"wpcf7-list-item-label\">5<\/span><\/label><\/span><\/span><\/span>\n\t<\/p>\n\t<p><label> Courtoisie du serveur\/serveuse <\/label><br \/>\n<span class=\"wpcf7-form-control-wrap\" data-name=\"courtoisie\"><span class=\"wpcf7-form-control wpcf7-radio\"><span class=\"wpcf7-list-item first\"><label><input type=\"radio\" name=\"courtoisie\" value=\"1\" \/><span class=\"wpcf7-list-item-label\">1<\/span><\/label><\/span><span class=\"wpcf7-list-item\"><label><input type=\"radio\" name=\"courtoisie\" value=\"2\" \/><span class=\"wpcf7-list-item-label\">2<\/span><\/label><\/span><span class=\"wpcf7-list-item\"><label><input type=\"radio\" name=\"courtoisie\" value=\"3\" checked=\"checked\" \/><span class=\"wpcf7-list-item-label\">3<\/span><\/label><\/span><span class=\"wpcf7-list-item\"><label><input type=\"radio\" name=\"courtoisie\" value=\"4\" \/><span class=\"wpcf7-list-item-label\">4<\/span><\/label><\/span><span class=\"wpcf7-list-item last\"><label><input type=\"radio\" name=\"courtoisie\" value=\"5\" \/><span class=\"wpcf7-list-item-label\">5<\/span><\/label><\/span><\/span><\/span>\n\t<\/p>\n\t<p><label> Service <\/label><br \/>\n<span class=\"wpcf7-form-control-wrap\" data-name=\"service\"><span class=\"wpcf7-form-control wpcf7-radio\"><span class=\"wpcf7-list-item first\"><label><input type=\"radio\" name=\"service\" value=\"1\" \/><span class=\"wpcf7-list-item-label\">1<\/span><\/label><\/span><span class=\"wpcf7-list-item\"><label><input type=\"radio\" name=\"service\" value=\"2\" \/><span class=\"wpcf7-list-item-label\">2<\/span><\/label><\/span><span class=\"wpcf7-list-item\"><label><input type=\"radio\" name=\"service\" value=\"3\" checked=\"checked\" \/><span class=\"wpcf7-list-item-label\">3<\/span><\/label><\/span><span class=\"wpcf7-list-item\"><label><input type=\"radio\" name=\"service\" value=\"4\" \/><span class=\"wpcf7-list-item-label\">4<\/span><\/label><\/span><span class=\"wpcf7-list-item last\"><label><input type=\"radio\" name=\"service\" value=\"5\" \/><span class=\"wpcf7-list-item-label\">5<\/span><\/label><\/span><\/span><\/span>\n\t<\/p>\n\t<p><label> Atmosph\u00e8re <\/label><br \/>\n<span class=\"wpcf7-form-control-wrap\" data-name=\"atmosphere\"><span class=\"wpcf7-form-control wpcf7-radio\"><span class=\"wpcf7-list-item first\"><label><input type=\"radio\" name=\"atmosphere\" value=\"1\" \/><span class=\"wpcf7-list-item-label\">1<\/span><\/label><\/span><span class=\"wpcf7-list-item\"><label><input type=\"radio\" name=\"atmosphere\" value=\"2\" \/><span class=\"wpcf7-list-item-label\">2<\/span><\/label><\/span><span class=\"wpcf7-list-item\"><label><input type=\"radio\" name=\"atmosphere\" value=\"3\" checked=\"checked\" \/><span class=\"wpcf7-list-item-label\">3<\/span><\/label><\/span><span class=\"wpcf7-list-item\"><label><input type=\"radio\" name=\"atmosphere\" value=\"4\" \/><span class=\"wpcf7-list-item-label\">4<\/span><\/label><\/span><span class=\"wpcf7-list-item last\"><label><input type=\"radio\" name=\"atmosphere\" value=\"5\" \/><span class=\"wpcf7-list-item-label\">5<\/span><\/label><\/span><\/span><\/span>\n\t<\/p>\n\t<p><label> Propret\u00e9 <\/label><br \/>\n<span class=\"wpcf7-form-control-wrap\" data-name=\"proprete\"><span class=\"wpcf7-form-control wpcf7-radio\"><span class=\"wpcf7-list-item first\"><label><input type=\"radio\" name=\"proprete\" value=\"1\" \/><span class=\"wpcf7-list-item-label\">1<\/span><\/label><\/span><span class=\"wpcf7-list-item\"><label><input type=\"radio\" name=\"proprete\" value=\"2\" \/><span class=\"wpcf7-list-item-label\">2<\/span><\/label><\/span><span class=\"wpcf7-list-item\"><label><input type=\"radio\" name=\"proprete\" value=\"3\" checked=\"checked\" \/><span class=\"wpcf7-list-item-label\">3<\/span><\/label><\/span><span class=\"wpcf7-list-item\"><label><input type=\"radio\" name=\"proprete\" value=\"4\" \/><span class=\"wpcf7-list-item-label\">4<\/span><\/label><\/span><span class=\"wpcf7-list-item last\"><label><input type=\"radio\" name=\"proprete\" value=\"5\" \/><span class=\"wpcf7-list-item-label\">5<\/span><\/label><\/span><\/span><\/span>\n\t<\/p>\n\t<p><label> Qualit\u00e9 de la nourriture <\/label><br \/>\n<span class=\"wpcf7-form-control-wrap\" data-name=\"quality\"><span class=\"wpcf7-form-control wpcf7-radio\"><span class=\"wpcf7-list-item first\"><label><input type=\"radio\" name=\"quality\" value=\"1\" \/><span class=\"wpcf7-list-item-label\">1<\/span><\/label><\/span><span class=\"wpcf7-list-item\"><label><input type=\"radio\" name=\"quality\" value=\"2\" \/><span class=\"wpcf7-list-item-label\">2<\/span><\/label><\/span><span class=\"wpcf7-list-item\"><label><input type=\"radio\" name=\"quality\" value=\"3\" checked=\"checked\" \/><span class=\"wpcf7-list-item-label\">3<\/span><\/label><\/span><span class=\"wpcf7-list-item\"><label><input type=\"radio\" name=\"quality\" value=\"4\" \/><span class=\"wpcf7-list-item-label\">4<\/span><\/label><\/span><span class=\"wpcf7-list-item last\"><label><input type=\"radio\" name=\"quality\" value=\"5\" \/><span class=\"wpcf7-list-item-label\">5<\/span><\/label><\/span><\/span><\/span>\n\t<\/p>\n\t<p><label> Taille des portions <\/label><br \/>\n<span class=\"wpcf7-form-control-wrap\" data-name=\"portion\"><span class=\"wpcf7-form-control wpcf7-radio\"><span class=\"wpcf7-list-item first\"><label><input type=\"radio\" name=\"portion\" value=\"1\" \/><span class=\"wpcf7-list-item-label\">1<\/span><\/label><\/span><span class=\"wpcf7-list-item\"><label><input type=\"radio\" name=\"portion\" value=\"2\" \/><span class=\"wpcf7-list-item-label\">2<\/span><\/label><\/span><span class=\"wpcf7-list-item\"><label><input type=\"radio\" name=\"portion\" value=\"3\" checked=\"checked\" \/><span class=\"wpcf7-list-item-label\">3<\/span><\/label><\/span><span class=\"wpcf7-list-item\"><label><input type=\"radio\" name=\"portion\" value=\"4\" \/><span class=\"wpcf7-list-item-label\">4<\/span><\/label><\/span><span class=\"wpcf7-list-item last\"><label><input type=\"radio\" name=\"portion\" value=\"5\" \/><span class=\"wpcf7-list-item-label\">5<\/span><\/label><\/span><\/span><\/span>\n\t<\/p>\n\t<p><label> Rapport qualit\u00e9-prix <\/label><br \/>\n<span class=\"wpcf7-form-control-wrap\" data-name=\"quality-price\"><span class=\"wpcf7-form-control wpcf7-radio\"><span class=\"wpcf7-list-item first\"><label><input type=\"radio\" name=\"quality-price\" value=\"1\" \/><span class=\"wpcf7-list-item-label\">1<\/span><\/label><\/span><span class=\"wpcf7-list-item\"><label><input type=\"radio\" name=\"quality-price\" value=\"2\" \/><span class=\"wpcf7-list-item-label\">2<\/span><\/label><\/span><span class=\"wpcf7-list-item\"><label><input type=\"radio\" name=\"quality-price\" value=\"3\" checked=\"checked\" \/><span class=\"wpcf7-list-item-label\">3<\/span><\/label><\/span><span class=\"wpcf7-list-item\"><label><input type=\"radio\" name=\"quality-price\" value=\"4\" \/><span class=\"wpcf7-list-item-label\">4<\/span><\/label><\/span><span class=\"wpcf7-list-item last\"><label><input type=\"radio\" name=\"quality-price\" value=\"5\" \/><span class=\"wpcf7-list-item-label\">5<\/span><\/label><\/span><\/span><\/span>\n\t<\/p>\n\t<p><label> Commentaires ou suggestions <\/label><br \/>\n<span class=\"wpcf7-form-control-wrap\" data-name=\"comments-suggestions\"><textarea cols=\"40\" rows=\"10\" maxlength=\"2000\" class=\"wpcf7-form-control wpcf7-textarea wpcf7-validates-as-required\" aria-required=\"true\" aria-invalid=\"false\" name=\"comments-suggestions\"><\/textarea><\/span>\n\t<\/p>\n<\/div>\n<p><input class=\"wpcf7-form-control wpcf7-submit has-spinner\" type=\"submit\" value=\"ENVOYER VOTRE MESSAGE\" \/>\n<\/p><div class=\"wpcf7-response-output\" aria-hidden=\"true\"><\/div>\n<\/form>\n<\/div>\n\n\n<\/div>\n<\/div>","protected":false},"excerpt":{"rendered":"<p>Si\u00e8ge social 4628 LOUIS B. MAYER, LAVAL, QU\u00c9B\u00c9C H7P 6E4 \u00c9crivez-nous Pour un commentaire, une question ou une demande d\u2019emploi N\u2019h\u00e9sitez pas \u00e0 nous contacter en remplissant le formulaire ci-dessous, que vous ayez des questions d\u2019ordre g\u00e9n\u00e9ral, des commentaires sur notre cuisine et notre service, des demandes de r\u00e9servation pour les entreprises, des opportunit\u00e9s de &#8230; <a title=\"Contacter nos restaurants\" class=\"read-more\" href=\"https:\/\/industriapizzeria.com\/fr\/contact\/\" aria-label=\"Read more about Contacter nos restaurants\">Read more<\/a><\/p>\n","protected":false},"author":3,"featured_media":7373,"parent":0,"menu_order":0,"comment_status":"closed","ping_status":"closed","template":"","meta":{"om_disable_all_campaigns":false,"_uf_show_specific_survey":0,"_uf_disable_surveys":false,"footnotes":""},"class_list":["post-5101","page","type-page","status-publish","has-post-thumbnail"],"acf":[],"_links":{"self":[{"href":"https:\/\/industriapizzeria.com\/fr\/wp-json\/wp\/v2\/pages\/5101","targetHints":{"allow":["GET"]}}],"collection":[{"href":"https:\/\/industriapizzeria.com\/fr\/wp-json\/wp\/v2\/pages"}],"about":[{"href":"https:\/\/industriapizzeria.com\/fr\/wp-json\/wp\/v2\/types\/page"}],"author":[{"embeddable":true,"href":"https:\/\/industriapizzeria.com\/fr\/wp-json\/wp\/v2\/users\/3"}],"replies":[{"embeddable":true,"href":"https:\/\/industriapizzeria.com\/fr\/wp-json\/wp\/v2\/comments?post=5101"}],"version-history":[{"count":0,"href":"https:\/\/industriapizzeria.com\/fr\/wp-json\/wp\/v2\/pages\/5101\/revisions"}],"wp:featuredmedia":[{"embeddable":true,"href":"https:\/\/industriapizzeria.com\/fr\/wp-json\/wp\/v2\/media\/7373"}],"wp:attachment":[{"href":"https:\/\/industriapizzeria.com\/fr\/wp-json\/wp\/v2\/media?parent=5101"}],"curies":[{"name":"wp","href":"https:\/\/api.w.org\/{rel}","templated":true}]}}